{"id":3222,"date":"2026-03-11T08:48:58","date_gmt":"2026-03-11T07:48:58","guid":{"rendered":"https:\/\/soledelmediterraneo.com\/?page_id=3222"},"modified":"2026-03-11T22:34:49","modified_gmt":"2026-03-11T21:34:49","slug":"termini-condizioni","status":"publish","type":"page","link":"https:\/\/soledelmediterraneo.com\/en\/termini-condizioni\/","title":{"rendered":"Termini &#038; Condizioni"},"content":{"rendered":"<div data-elementor-type=\"wp-page\" data-elementor-id=\"3222\" class=\"elementor elementor-3222\">\n\t\t\t\t\t\t<section class=\"elementor-section elementor-top-section elementor-element elementor-element-f097916 elementor-section-boxed elementor-section-height-default elementor-section-height-default wpr-particle-no wpr-jarallax-no wpr-parallax-no wpr-sticky-section-no\" data-id=\"f097916\" data-element_type=\"section\" data-e-type=\"section\" id=\"header-pages\" data-settings=\"{&quot;background_background&quot;:&quot;classic&quot;}\">\n\t\t\t\t\t\t\t<div class=\"elementor-background-overlay\"><\/div>\n\t\t\t\t\t\t\t<div class=\"elementor-container elementor-column-gap-default\">\n\t\t\t\t\t<div class=\"elementor-column elementor-col-100 elementor-top-column elementor-element elementor-element-5ee69e9\" data-id=\"5ee69e9\" data-element_type=\"column\" data-e-type=\"column\">\n\t\t\t<div class=\"elementor-widget-wrap elementor-element-populated\">\n\t\t\t\t\t\t<div class=\"elementor-element elementor-element-33c1bed elementor-widget elementor-widget-heading\" data-id=\"33c1bed\" data-element_type=\"widget\" data-e-type=\"widget\" data-widget_type=\"heading.default\">\n\t\t\t\t\t<h2 class=\"elementor-heading-title elementor-size-default\">Enjoy Your Stay<\/h2>\t\t\t\t<\/div>\n\t\t\t\t<div class=\"elementor-element elementor-element-20fe6f1 elementor-widget elementor-widget-heading\" data-id=\"20fe6f1\" data-element_type=\"widget\" data-e-type=\"widget\" data-widget_type=\"heading.default\">\n\t\t\t\t\t<h1 class=\"elementor-heading-title elementor-size-default\">Terms and Conditions<\/h1>\t\t\t\t<\/div>\n\t\t\t\t\t<\/div>\n\t\t<\/div>\n\t\t\t\t\t<\/div>\n\t\t<\/section>\n\t\t\t\t<section class=\"elementor-section elementor-top-section elementor-element elementor-element-2e94015d elementor-section-boxed elementor-section-height-default elementor-section-height-default wpr-particle-no wpr-jarallax-no wpr-parallax-no wpr-sticky-section-no\" data-id=\"2e94015d\" data-element_type=\"section\" data-e-type=\"section\">\n\t\t\t\t\t\t<div class=\"elementor-container elementor-column-gap-default\">\n\t\t\t\t\t<div class=\"elementor-column elementor-col-100 elementor-top-column elementor-element elementor-element-572f916e\" data-id=\"572f916e\" data-element_type=\"column\" data-e-type=\"column\">\n\t\t\t<div class=\"elementor-widget-wrap elementor-element-populated\">\n\t\t\t\t\t\t<div class=\"elementor-element elementor-element-3d2c6a05 elementor-widget elementor-widget-heading\" data-id=\"3d2c6a05\" data-element_type=\"widget\" data-e-type=\"widget\" data-widget_type=\"heading.default\">\n\t\t\t\t\t<h2 class=\"elementor-heading-title elementor-size-default\">Terms and Conditions<\/h2>\t\t\t\t<\/div>\n\t\t\t\t<div class=\"elementor-element elementor-element-212df9f4 elementor-widget elementor-widget-heading\" data-id=\"212df9f4\" data-element_type=\"widget\" data-e-type=\"widget\" data-widget_type=\"heading.default\">\n\t\t\t\t\t<h2 class=\"elementor-heading-title elementor-size-default\">Benvenuti all'Agriturismo Sole del Mediterraneo\n<\/h2>\t\t\t\t<\/div>\n\t\t\t\t<div class=\"elementor-element elementor-element-e0ba7fa elementor-widget elementor-widget-text-editor\" data-id=\"e0ba7fa\" data-element_type=\"widget\" data-e-type=\"widget\" data-widget_type=\"text-editor.default\">\n\t\t\t\t\t\t\t\t\t<p data-start=\"213\" data-end=\"432\"><strong data-start=\"213\" data-end=\"278\">Siamo felici di accogliervi nella nostra struttura familiare!<\/strong> Il proprietario, Vittorio, e la sua famiglia vivono presso l\u2019agriturismo e saranno a vostra disposizione per qualsiasi esigenza o informazione turistica.<\/p><hr data-start=\"434\" data-end=\"437\" \/><p data-start=\"439\" data-end=\"454\"><strong data-start=\"439\" data-end=\"454\">Regolamento<\/strong><\/p><p data-start=\"456\" data-end=\"775\">Rispettare il silenzio e la quiete della struttura dalle <strong data-start=\"513\" data-end=\"532\">23:00 alle 7:00<\/strong> del mattino, per il rispetto dei proprietari e degli altri ospiti. I prezzi indicati su questo sito sono comprensivi di prima colazione, servita dalle <strong data-start=\"684\" data-end=\"702\">8:00 alle 9:30<\/strong>. Eventuali richieste particolari vanno comunicate un giorno in anticipo.<\/p><hr data-start=\"777\" data-end=\"780\" \/><p data-start=\"782\" data-end=\"815\"><strong data-start=\"782\" data-end=\"815\">Orari di Check\u2011in e Check\u2011out<\/strong><\/p><p data-start=\"817\" data-end=\"1036\"><strong data-start=\"817\" data-end=\"830\">Check\u2011in:<\/strong> dalle <strong data-start=\"837\" data-end=\"857\">16:00 alle 23:00<\/strong><br data-start=\"857\" data-end=\"860\" \/>Se si arriva prima delle 16:00, potete lasciare i bagagli presso l\u2019agriturismo in attesa della consegna della camera. Se la camera \u00e8 pronta, saremo lieti di consegnarla subito.<\/p><p data-start=\"1038\" data-end=\"1095\"><strong data-start=\"1038\" data-end=\"1052\">Check\u2011out:<\/strong> entro le <strong data-start=\"1062\" data-end=\"1071\">10:00<\/strong> del giorno di partenza.<\/p><hr data-start=\"1097\" data-end=\"1100\" \/><p data-start=\"1102\" data-end=\"1122\"><strong data-start=\"1102\" data-end=\"1122\">Pulizia e Camere<\/strong><\/p><p data-start=\"1124\" data-end=\"1398\">Le camere sono consegnate pulite e ordinate, dotate di lenzuola e biancheria da bagno. La pulizia della camera viene effettuata giornalmente. La biancheria da letto viene cambiata dopo il terzo pernottamento. La biancheria da bagno viene cambiata giornalmente se necessario.<\/p><p data-start=\"1400\" data-end=\"1604\"><strong data-start=\"1400\" data-end=\"1433\">Cambio lenzuola su richiesta:<\/strong><br data-start=\"1433\" data-end=\"1436\" \/>\u00c8 possibile richiedere il <strong data-start=\"1462\" data-end=\"1487\">cambio delle lenzuola<\/strong> durante il soggiorno con un supplemento di <strong data-start=\"1531\" data-end=\"1563\">10 euro per il letto singolo<\/strong> e <strong data-start=\"1566\" data-end=\"1603\">15 euro per il letto matrimoniale<\/strong>.<\/p><p data-start=\"1606\" data-end=\"1948\">Per non invadere la privacy dei nostri ospiti, effettuiamo il riassetto quotidiano della camera <strong data-start=\"1702\" data-end=\"1725\">solo se autorizzati<\/strong>. Le camere vengono pulite dalle <strong data-start=\"1758\" data-end=\"1777\">8:00 alle 12:00<\/strong>. Qualora gli ospiti siano ancora in camera oltre quell\u2019orario, la pulizia non verr\u00e0 garantita e verr\u00e0 effettuata il giorno seguente.<\/p><hr data-start=\"1950\" data-end=\"1953\" \/><p data-start=\"1955\" data-end=\"1985\"><strong data-start=\"1955\" data-end=\"1985\">Soddisfazione degli Ospiti<\/strong><\/p><p data-start=\"1987\" data-end=\"2154\">Vi preghiamo di comunicarci immediatamente qualsiasi necessit\u00e0 o problematica circa il vostro soggiorno, in modo da poter rendere lo stesso il pi\u00f9 piacevole possibile.<\/p><hr data-start=\"2156\" data-end=\"2159\" \/><p data-start=\"2161\" data-end=\"2187\"><strong data-start=\"2161\" data-end=\"2187\">Norme di Comportamento<\/strong><\/p><p data-start=\"2189\" data-end=\"2460\">Non \u00e8 assolutamente ammesso fumare all\u2019interno delle camere e dei bagni. \u00c8 possibile fumare esclusivamente negli appositi spazi all\u2019aperto.<br data-start=\"2328\" data-end=\"2331\" \/>Si raccomanda un uso consapevole dell\u2019aria climatizzata, spegnendola quando non siete all\u2019interno della camera o della struttura.<\/p><hr data-start=\"2462\" data-end=\"2465\" \/><p data-start=\"2467\" data-end=\"2490\"><strong data-start=\"2467\" data-end=\"2490\">Oggetti Dimenticati<\/strong><\/p><p data-start=\"2492\" data-end=\"2808\">Se dimenticate effetti personali alla partenza, vi preghiamo di avvisare tempestivamente l\u2019agriturismo. Gli oggetti rinvenuti verranno conservati per un periodo di tre mesi, ad eccezione della biancheria intima. Gli oggetti rinvenuti possono essere spediti al vostro indirizzo di residenza con spese a vostro carico.<\/p><hr data-start=\"2810\" data-end=\"2813\" \/><p data-start=\"2815\" data-end=\"2840\"><strong data-start=\"2815\" data-end=\"2840\">Richieste Particolari<\/strong><\/p><p data-start=\"2842\" data-end=\"3261\">Si prega di informare prima della prenotazione eventuali problemi di deambulazione degli ospiti.<br data-start=\"2938\" data-end=\"2941\" \/>Vi preghiamo di informarci prima della prenotazione circa eventuali intolleranze alimentari o allergie ad alimenti che potrebbero essere presenti nella prima colazione.<br data-start=\"3109\" data-end=\"3112\" \/>Per altre richieste particolari, vi preghiamo di farne menzione prima della conferma della prenotazione. Cercheremo di soddisfare le vostre esigenze.<\/p><hr data-start=\"3263\" data-end=\"3266\" \/><p data-start=\"3268\" data-end=\"3281\"><strong data-start=\"3268\" data-end=\"3281\">Payment<\/strong><\/p><p data-start=\"3283\" data-end=\"3488\">Il saldo relativo al soggiorno prenotato, al netto dell\u2019eventuale caparra gi\u00e0 versata, dovr\u00e0 essere effettuato all\u2019arrivo presso la struttura, in contanti o con carta di credito (escluso American Express).<\/p><hr data-start=\"3490\" data-end=\"3493\" \/><p data-start=\"3495\" data-end=\"3527\"><strong data-start=\"3495\" data-end=\"3527\">Cancellazione e Annullamento<\/strong><\/p><p data-start=\"3529\" data-end=\"3590\">In caso di cancellazione o annullamento della prenotazione:<\/p><ul data-start=\"3591\" data-end=\"3853\"><li data-section-id=\"10lhbah\" data-start=\"3591\" data-end=\"3674\"><p data-start=\"3593\" data-end=\"3674\">Quindici giorni prima dell\u2019arrivo: verr\u00e0 rimborsato l\u2019intero importo o acconto.<\/p><\/li><li data-section-id=\"29k089\" data-start=\"3675\" data-end=\"3748\"><p data-start=\"3677\" data-end=\"3748\">Sette giorni prima dell\u2019arrivo: verr\u00e0 rimborsato il 50% dell\u2019importo.<\/p><\/li><li data-section-id=\"o63cp5\" data-start=\"3749\" data-end=\"3853\"><p data-start=\"3751\" data-end=\"3853\">Meno di sette giorni prima dell\u2019arrivo: verr\u00e0 trattenuto l\u2019intero acconto o totale della prenotazione.<\/p><\/li><\/ul><hr data-start=\"3855\" data-end=\"3858\" \/><p data-start=\"3860\" data-end=\"3893\"><strong data-start=\"3860\" data-end=\"3893\">Prenotazioni Non Rimborsabili<\/strong><\/p><p data-start=\"3895\" data-end=\"4288\">Le prenotazioni non rimborsabili prevedono un prepagamento del <strong data-start=\"3958\" data-end=\"3966\">100%<\/strong> del totale del soggiorno all\u2019atto della conferma della prenotazione.<br data-start=\"4035\" data-end=\"4038\" \/>Il versamento deve essere corrisposto entro tre giorni dall\u2019invio della conferma di disponibilit\u00e0 a mezzo bonifico bancario. In caso di modifica, cancellazione, ritardo dell\u2019arrivo o partenza anticipata, verr\u00e0 trattenuto il 100% dell\u2019importo versato.<\/p><hr data-start=\"4290\" data-end=\"4293\" \/><p data-start=\"4295\" data-end=\"4402\">Siamo qui per rendere il vostro soggiorno il pi\u00f9 piacevole possibile!<\/p>\t\t\t\t\t\t\t\t<\/div>\n\t\t\t\t\t<\/div>\n\t\t<\/div>\n\t\t\t\t\t<\/div>\n\t\t<\/section>\n\t\t\t\t<\/div>","protected":false},"excerpt":{"rendered":"<p>Enjoy Your Stay Termini &amp; Condizioni Termini &amp; Condizioni Benvenuti all&#8217;Agriturismo Sole del Mediterraneo Siamo felici di accogliervi nella nostra struttura familiare! Il proprietario, Vittorio, e la sua famiglia vivono presso l\u2019agriturismo e saranno a vostra disposizione per qualsiasi esigenza o informazione turistica. Regolamento Rispettare il silenzio e la quiete della struttura dalle 23:00 alle 7:00 del mattino, per il rispetto dei proprietari e degli altri ospiti. I prezzi indicati su questo sito sono comprensivi di prima colazione, servita dalle 8:00 alle 9:30. Eventuali richieste particolari vanno comunicate un giorno in anticipo. Orari di Check\u2011in e Check\u2011out Check\u2011in: dalle 16:00 alle 23:00Se si arriva prima delle 16:00, potete lasciare i bagagli presso l\u2019agriturismo in attesa della consegna della camera. Se la camera \u00e8 pronta, saremo lieti di consegnarla subito. Check\u2011out: entro le 10:00 del giorno di partenza. Pulizia e Camere Le camere sono consegnate pulite e ordinate, dotate di lenzuola e biancheria da bagno. La pulizia della camera viene effettuata giornalmente. La biancheria da letto viene cambiata dopo il terzo pernottamento. La biancheria da bagno viene cambiata giornalmente se necessario. Cambio lenzuola su richiesta:\u00c8 possibile richiedere il cambio delle lenzuola durante il soggiorno con un supplemento di 10 euro per il letto singolo e 15 euro per il letto matrimoniale. Per non invadere la privacy dei nostri ospiti, effettuiamo il riassetto quotidiano della camera solo se autorizzati. Le camere vengono pulite dalle 8:00 alle 12:00. Qualora gli ospiti siano ancora in camera oltre quell\u2019orario, la pulizia non verr\u00e0 garantita e verr\u00e0 effettuata il giorno seguente. Soddisfazione degli Ospiti Vi preghiamo di comunicarci immediatamente qualsiasi necessit\u00e0 o problematica circa il vostro soggiorno, in modo da poter rendere lo stesso il pi\u00f9 piacevole possibile. Norme di Comportamento Non \u00e8 assolutamente ammesso fumare all\u2019interno delle camere e dei bagni. \u00c8 possibile fumare esclusivamente negli appositi spazi all\u2019aperto.Si raccomanda un uso consapevole dell\u2019aria climatizzata, spegnendola quando non siete all\u2019interno della camera o della struttura. Oggetti Dimenticati Se dimenticate effetti personali alla partenza, vi preghiamo di avvisare tempestivamente l\u2019agriturismo. Gli oggetti rinvenuti verranno conservati per un periodo di tre mesi, ad eccezione della biancheria intima. Gli oggetti rinvenuti possono essere spediti al vostro indirizzo di residenza con spese a vostro carico. Richieste Particolari Si prega di informare prima della prenotazione eventuali problemi di deambulazione degli ospiti.Vi preghiamo di informarci prima della prenotazione circa eventuali intolleranze alimentari o allergie ad alimenti che potrebbero essere presenti nella prima colazione.Per altre richieste particolari, vi preghiamo di farne menzione prima della conferma della prenotazione. Cercheremo di soddisfare le vostre esigenze. Pagamento Il saldo relativo al soggiorno prenotato, al netto dell\u2019eventuale caparra gi\u00e0 versata, dovr\u00e0 essere effettuato all\u2019arrivo presso la struttura, in contanti o con carta di credito (escluso American Express). Cancellazione e Annullamento In caso di cancellazione o annullamento della prenotazione: Quindici giorni prima dell\u2019arrivo: verr\u00e0 rimborsato l\u2019intero importo o acconto. Sette giorni prima dell\u2019arrivo: verr\u00e0 rimborsato il 50% dell\u2019importo. Meno di sette giorni prima dell\u2019arrivo: verr\u00e0 trattenuto l\u2019intero acconto o totale della prenotazione. Prenotazioni Non Rimborsabili Le prenotazioni non rimborsabili prevedono un prepagamento del 100% del totale del soggiorno all\u2019atto della conferma della prenotazione.Il versamento deve essere corrisposto entro tre giorni dall\u2019invio della conferma di disponibilit\u00e0 a mezzo bonifico bancario. In caso di modifica, cancellazione, ritardo dell\u2019arrivo o partenza anticipata, verr\u00e0 trattenuto il 100% dell\u2019importo versato. Siamo qui per rendere il vostro soggiorno il pi\u00f9 piacevole possibile!<\/p>","protected":false},"author":1,"featured_media":0,"parent":0,"menu_order":0,"comment_status":"closed","ping_status":"closed","template":"elementor_canvas","meta":{"footnotes":""},"class_list":["post-3222","page","type-page","status-publish","hentry"],"_links":{"self":[{"href":"https:\/\/soledelmediterraneo.com\/en\/wp-json\/wp\/v2\/pages\/3222","targetHints":{"allow":["GET"]}}],"collection":[{"href":"https:\/\/soledelmediterraneo.com\/en\/wp-json\/wp\/v2\/pages"}],"about":[{"href":"https:\/\/soledelmediterraneo.com\/en\/wp-json\/wp\/v2\/types\/page"}],"author":[{"embeddable":true,"href":"https:\/\/soledelmediterraneo.com\/en\/wp-json\/wp\/v2\/users\/1"}],"replies":[{"embeddable":true,"href":"https:\/\/soledelmediterraneo.com\/en\/wp-json\/wp\/v2\/comments?post=3222"}],"version-history":[{"count":10,"href":"https:\/\/soledelmediterraneo.com\/en\/wp-json\/wp\/v2\/pages\/3222\/revisions"}],"predecessor-version":[{"id":3367,"href":"https:\/\/soledelmediterraneo.com\/en\/wp-json\/wp\/v2\/pages\/3222\/revisions\/3367"}],"wp:attachment":[{"href":"https:\/\/soledelmediterraneo.com\/en\/wp-json\/wp\/v2\/media?parent=3222"}],"curies":[{"name":"wp","href":"https:\/\/api.w.org\/{rel}","templated":true}]}}